{"id":1170,"date":"2018-11-14T08:49:30","date_gmt":"2018-11-14T08:49:30","guid":{"rendered":"http:\/\/192.168.0.250\/business\/?page_id=1170"},"modified":"2023-03-31T17:51:46","modified_gmt":"2023-03-31T17:51:46","slug":"acasa","status":"publish","type":"page","link":"https:\/\/venlo.ro\/","title":{"rendered":"Acasa"},"content":{"rendered":"<section class=\"wpb-content-wrapper\"><p>[vc_row full_width=&#8221;stretch_row&#8221; css=&#8221;.vc_custom_1676991606679{margin-top: -168px !important;background-position: 0 0 !important;background-repeat: repeat !important;}&#8221; el_id=&#8221;despre-noi&#8221;][vc_column css=&#8221;.vc_custom_1542194054101{padding-top: 0px !important;}&#8221;][vc_row_inner equal_height=&#8221;yes&#8221; gap=&#8221;15&#8243;][vc_column_inner width=&#8221;1\/3&#8243; css=&#8221;.vc_custom_1543998681175{padding-top: 50px !important;padding-bottom: 23px !important;background-color: #212121 !important;background-position: center !important;background-repeat: no-repeat !important;background-size: cover !important;}&#8221;]<div class=\"rs-services\">\r\n\t<div class=\"service-inner services-style-2 services-center  \" data-icon-hover=\"\" data-icon-color=\"#ffffff\">\r\n\t\t<div class=\"services-wrap\"> \r\n\t\t\t<div class=\"services-item\">\r\n\t\t\t\t<div class=\"services-icon\">\r\n\t\t\t\t\t<img src=\"https:\/\/venlo.ro\/wp-content\/uploads\/2018\/12\/settings.png\" alt=\"Rs-service\" \/>\t\t\t\t<\/div>\r\n\r\n\t\t\t\t<div class=\"services-desc\" >\t\r\n\t\t\t\t\t<h2 class=\"services-title services-title2\"><a  style=\"color: #ffffff;\" >Comert cu amanuntul<\/a><\/h2>\r\n\t\t\t\t\t<p  >La VENLO, sprijinim clien\u021bii no\u0219tri \u00een realizarea obiectivelor. De la comercian\u021bi cu am\u0103nuntul la furnizori pe un singur canal, optimiz\u0103m \u0219i configur\u0103m solu\u021bii sustenabile pentru lan\u021bul de aprovizionare, combin\u00e2nd expertiza noastr\u0103 cu cele mai noi tehnologii.<\/p>\r\n\t\t\t\t<\/div>\t\t\r\n\t\t\t<\/div>\t\r\n\t\t<\/div>\r\n\t<\/div>\r\n<\/div>[\/vc_column_inner][vc_column_inner width=&#8221;1\/3&#8243; css=&#8221;.vc_custom_1544514870963{padding-top: 50px !important;padding-bottom: 23px !important;background-color: #ea2a55 !important;background-position: center !important;background-repeat: no-repeat !important;background-size: cover !important;}&#8221;]<div class=\"rs-services\">\r\n\t<div class=\"service-inner services-style-2 services-center  \" data-icon-hover=\"\" data-icon-color=\"#222222\">\r\n\t\t<div class=\"services-wrap\"> \r\n\t\t\t<div class=\"services-item\">\r\n\t\t\t\t<div class=\"services-icon\">\r\n\t\t\t\t\t<img src=\"https:\/\/venlo.ro\/wp-content\/uploads\/2018\/12\/crowdfunding.png\" alt=\"Rs-service\" \/>\t\t\t\t<\/div>\r\n\r\n\t\t\t\t<div class=\"services-desc\" >\t\r\n\t\t\t\t\t<h2 class=\"services-title services-title2\"><a  style=\"color: #222222;\" >Servicii industriale<\/a><\/h2>\r\n\t\t\t\t\t<p  >\u00cen calitate de furnizori principali pe pia\u021ba industriei, punem la dispozi\u021bie solu\u021bii competitive care s\u0103 \u021bin\u0103 cont de nevoile specifice ale clien\u021bilor no\u0219tri. VENLO sprijin\u0103 \u0219i ofer\u0103 performan\u021b\u0103, securitate \u0219i agilitate pentru orice companie.<\/p>\r\n\t\t\t\t<\/div>\t\t\r\n\t\t\t<\/div>\t\r\n\t\t<\/div>\r\n\t<\/div>\r\n<\/div>[\/vc_column_inner][vc_column_inner width=&#8221;1\/3&#8243; css=&#8221;.vc_custom_1545310019650{padding-top: 50px !important;padding-bottom: 23px !important;background-color: #101100 !important;background-position: center !important;background-repeat: no-repeat !important;background-size: cover !important;}&#8221;]<div class=\"rs-services\">\r\n\t<div class=\"service-inner services-style-2 services-center  \" data-icon-hover=\"\" data-icon-color=\"#ffffff\">\r\n\t\t<div class=\"services-wrap\"> \r\n\t\t\t<div class=\"services-item\">\r\n\t\t\t\t<div class=\"services-icon\">\r\n\t\t\t\t\t<img src=\"https:\/\/venlo.ro\/wp-content\/uploads\/2018\/12\/handshake.png\" alt=\"Rs-service\" \/>\t\t\t\t<\/div>\r\n\r\n\t\t\t\t<div class=\"services-desc\" >\t\r\n\t\t\t\t\t<h2 class=\"services-title services-title2\"><a  style=\"color: #ffffff;\" >Constructii<\/a><\/h2>\r\n\t\t\t\t\t<p  >\u00cen afara contractelor de execu\u0163ie incheiate \u015fi de lucr\u0103rile de construc\u0163ii propriu-zise oferim \u015fi servicii de consulta\u0163\u0103 \u00een domeniul construc\u0163iilor, astfel \u00eenc\u00e2t beneficiarul nostru s\u0103 fie sf\u0103tuit \u015fi informat asupra ultimelor tehnologii in construc\u0163ii iar satisfac\u0163ia acestuia s\u0103 fie deplin\u0103.<\/p>\r\n\t\t\t\t<\/div>\t\t\r\n\t\t\t<\/div>\t\r\n\t\t<\/div>\r\n\t<\/div>\r\n<\/div>[\/vc_column_inner][\/vc_row_inner][\/vc_column][\/vc_row][vc_row full_width=&#8221;stretch_row&#8221; gap=&#8221;15&#8243; content_placement=&#8221;middle&#8221; css=&#8221;.vc_custom_1544530148822{padding-top: 85px !important;padding-bottom: 0px !important;background-color: #ffffff !important;background-position: 0 0 !important;background-repeat: repeat !important;}&#8221; el_class=&#8221;creative-collaboration full-creative&#8221;][vc_column width=&#8221;1\/2&#8243; css=&#8221;.vc_custom_1542260130001{padding-top: 0px !important;padding-bottom: 0px !important;}&#8221;][vc_single_image image=&#8221;1945&#8243; img_size=&#8221;full&#8221; css=&#8221;.vc_custom_1542779638051{margin-bottom: 0px !important;}&#8221;][\/vc_column][vc_column width=&#8221;1\/2&#8243; css=&#8221;.vc_custom_1542260125026{padding-top: 0px !important;padding-bottom: 0px !important;}&#8221;]\r\n        <div class=\"rs-heading style3  vc_custom_1675717640617  \">\r\n        \t<div class=\"title-inner\">\r\n\t            \r\n\t            <h2 class=\"title\" style=\"color: #222222 !important\">Ce ne recomanda la VENLO<\/h2>\r\n\t            <div class=\"title-img\"><img src=\" \" alt=\"\"\/><\/div>\r\n\t        <\/div><div class=\"description\"><p >Experien\u0163a \u015fi reputa\u0163ia bun\u0103 pe care o de\u0163inem, a fost ca\u015ftigat\u0103 prin seriozitate, onestitate \u015fi respectarea tuturor termenelor c\u00e2t \u015fi a procedurilor tehnice impuse.<\/p><\/div><\/div>[vc_tta_accordion shape=&#8221;square&#8221; color=&#8221;white&#8221; active_section=&#8221;1&#8243;][vc_tta_section title=&#8221;\u021aelul nostru&#8221; tab_id=&#8221;business-solution&#8221;][vc_column_text]Lan\u021bul de aprovizionare se afl\u0103 \u00een epicentrul lumii noastre, o verig\u0103 esen\u021bial\u0103 \u00een\u00a0<strong>economia modern\u0103<\/strong>. Este responsabilitatea noastr\u0103 s\u0103 implement\u0103m, \u00eempreun\u0103 cu partenerii \u0219i clien\u021bii no\u0219tri,\u00a0<strong>lan\u021buri de aprovizionare unice<\/strong>, durabile, care s\u0103 permit\u0103 \u0219i s\u0103 sus\u021bin\u0103 un\u00a0<strong>consum mai sustenabil pentru toat\u0103 lumea<\/strong>.[\/vc_column_text][\/vc_tta_section][vc_tta_section title=&#8221;Viziunea noastr\u0103&#8221; tab_id=&#8221;business-collaboration&#8221;][vc_column_text]Contribuim la dezvoltarea unei re\u021bele logistice durabile prin cooperarea cu parteneri publici \u0219i priva\u021bi. Suntem convin\u0219i de beneficiile logisticii durabile. Credem c\u0103, \u00eempreun\u0103, putem face diferen\u021ba[\/vc_column_text][\/vc_tta_section][vc_tta_section title=&#8221;Performan\u0163\u0103 sustenabil\u0103&#8221; tab_id=&#8221;project-management&#8221;][vc_column_text]Dac\u0103 e\u0219ti client, te ajut\u0103m s\u0103 construie\u0219ti traiectorii comune sustenabile.<\/p>\n<p>Ne-am angajat s\u0103 oferim p\u0103r\u021bilor interesate date exacte \u0219i fiabile cu privire la impactul activit\u0103\u021bilor noastre asupra societ\u0103\u021bii \u0219i a mediului.[\/vc_column_text][\/vc_tta_section][\/vc_tta_accordion][\/vc_column][\/vc_row][vc_row full_width=&#8221;stretch_row&#8221; content_placement=&#8221;bottom&#8221; css=&#8221;.vc_custom_1544530117234{padding-top: 90px !important;padding-bottom: 95px !important;background-position: 0 0 !important;background-repeat: repeat !important;}&#8221;][vc_column css=&#8221;.vc_custom_1542778445259{padding-top: 0px !important;}&#8221;][vc_row_inner css=&#8221;.vc_custom_1542785451336{padding-top: 0px !important;}&#8221;][vc_column_inner width=&#8221;1\/4&#8243;]\n    <div class=\"counter-top-area text-center \"   style=\"background-image: url(https:\/\/venlo.ro\/wp-content\/uploads\/2018\/12\/little-pluses.png)\" >\n\n    <div class=\"rs-counter-list\">\n        <div class=\"count-icon\"  style=\"font-size: 50px; line-height: 50px!important\"><i class=\"far fa-handshake\" style=\"color: #ea2a55\"><\/i><\/div>\n    <div class=\"count-text\"><div style=\"margin-top:12px; margin-bottom:8px; color:#ea2a55\" class=\"count-number\">\n    <span style=\"font-size:40px; line-height:40px; color:#ea2a55\" class=\"rs-counter\"> 500<\/span> <span style=\"color:#ea2a55\"><span style=\"font-size:; line-height:\">+<\/span><\/span><\/div>         \n        <h4  style=\"color: #212121\"><span  style=\"font-size: 20px; line-height: 20px!important\">Clienti<\/span><\/h4><\/div>\n    <\/div><\/div>[\/vc_column_inner][vc_column_inner width=&#8221;1\/4&#8243;]\n    <div class=\"counter-top-area text-center \"   style=\"background-image: url(https:\/\/venlo.ro\/wp-content\/uploads\/2018\/12\/little-pluses.png)\" >\n\n    <div class=\"rs-counter-list\">\n        <div class=\"count-icon\"  style=\"font-size: 50px; line-height: 50px!important\"><i class=\"fab fa-odnoklassniki\" style=\"color: #ea2a55\"><\/i><\/div>\n    <div class=\"count-text\"><div style=\"margin-top:12px; margin-bottom:8px; color:#ea2a55\" class=\"count-number\">\n    <span style=\"font-size:40px; line-height:40px; color:#ea2a55\" class=\"rs-counter\"> 50<\/span> <span style=\"color:#ea2a55\"><span style=\"font-size:; line-height:\">+<\/span><\/span><\/div>         \n        <h4  style=\"color: #212121\"><span  style=\"font-size: 20px; line-height: 20px!important\">Parteneriate<\/span><\/h4><\/div>\n    <\/div><\/div>[\/vc_column_inner][vc_column_inner width=&#8221;1\/4&#8243;]\n    <div class=\"counter-top-area text-center \"   style=\"background-image: url(https:\/\/venlo.ro\/wp-content\/uploads\/2018\/12\/little-pluses.png)\" >\n\n    <div class=\"rs-counter-list\">\n        <div class=\"count-icon\"  style=\"font-size: 50px; line-height: 50px!important\"><i class=\"fas fa-chart-line\" style=\"color: #ea2a55\"><\/i><\/div>\n    <div class=\"count-text\"><div style=\"margin-top:12px; margin-bottom:8px; color:#ea2a55\" class=\"count-number\">\n    <span style=\"font-size:40px; line-height:40px; color:#ea2a55\" class=\"rs-counter\"> 99<\/span> <span style=\"color:#ea2a55\"><span style=\"font-size:; line-height:\">%<\/span><\/span><\/div>         \n        <h4  style=\"color: #212121\"><span  style=\"font-size: 20px; line-height: 20px!important\">Rata de Succes<\/span><\/h4><\/div>\n    <\/div><\/div>[\/vc_column_inner][vc_column_inner width=&#8221;1\/4&#8243;]\n    <div class=\"counter-top-area text-center \"   style=\"background-image: url(https:\/\/venlo.ro\/wp-content\/uploads\/2018\/12\/little-pluses.png)\" >\n\n    <div class=\"rs-counter-list\">\n        <div class=\"count-icon\"  style=\"font-size: 50px; line-height: 50px!important\"><i class=\"fas fa-birthday-cake\" style=\"color: #ea2a55\"><\/i><\/div>\n    <div class=\"count-text\"><div style=\"margin-top:12px; margin-bottom:8px; color:#ea2a55\" class=\"count-number\">\n    <span style=\"font-size:40px; line-height:40px; color:#ea2a55\" class=\"rs-counter\"> 19<\/span> <span style=\"color:#ea2a55\"><span style=\"font-size:; line-height:\">Ani<\/span><\/span><\/div>         \n        <h4  style=\"color: #212121\"><span  style=\"font-size: 20px; line-height: 20px!important\">Experienta<\/span><\/h4><\/div>\n    <\/div><\/div>[\/vc_column_inner][\/vc_row_inner][\/vc_column][\/vc_row][vc_row full_width=&#8221;stretch_row&#8221; el_id=&#8221;servicii&#8221; css=&#8221;.vc_custom_1676991737089{padding-top: 60px !important;padding-bottom: 85px !important;background-color: #f4f7fc !important;}&#8221; el_class=&#8221;dark-service&#8221;][vc_column][vc_row_inner][vc_column_inner]\r\n        <div class=\"rs-heading style2  vc_custom_1680284784374  text-center\">\r\n        \t<div class=\"title-inner\">\r\n\t            \r\n\t            <h2 class=\"title\" style=\"color: #212121 !important\">Domenii de activitate in care suntem prezenti!<\/h2>\r\n\t            <div class=\"title-img\"><img src=\" \" alt=\"\"\/><\/div>\r\n\t        <\/div><\/div>[\/vc_column_inner][\/vc_row_inner][vc_row_inner][vc_column_inner width=&#8221;1\/3&#8243;]<div class=\"rs-services-style3  services-center  vc_custom_1675902228289 \"  style=\"border-color: #7d7a7a\" >\r\n\t\t\t<div class=\"bg-img\" style=\"background-image: url(https:\/\/venlo.ro\/wp-content\/uploads\/2018\/12\/serv_1.jpg);\"><\/div>\r\n\t\r\n\t<div class=\"services-item\">\r\n\t\t<div class=\"services-icon\">\r\n\t\t\t<span style=\"\"><i class=\"vc_icon_element-icon typcn typcn-feather\" style=\"color: #ea2a55;\"><\/i><\/span>\r\n\t\t<\/div>\r\n\t\t<div class=\"services-desc\" >\r\n\t\t\t<h4 class=\"services-title\" style=\"\"><a  style=\"color: #ffffff;\" > Agricultura <\/a><\/h4>\r\n\t\t\t<p  style=\"color: #bebebe\">Servicii agricole: arat, scarificat, lucr\u0103ri de \u00eentre\u021binere a recoltelor, aplic\u0103ri de amendamente \u0219i \u00eengr\u0103\u0219\u0103minte chimice.<\/p>\r\n\t\t<\/div>\r\n\t<\/div>\t\r\n<\/div><div class=\"rs-services-style3  services-center  vc_custom_1675902263721 \"  style=\"border-color: #7d7a7a\" >\r\n\t\t\t<div class=\"bg-img\" style=\"background-image: url(https:\/\/venlo.ro\/wp-content\/uploads\/2018\/12\/serv_4.jpg);\"><\/div>\r\n\t\r\n\t<div class=\"services-item\">\r\n\t\t<div class=\"services-icon\">\r\n\t\t\t<span style=\"\"><i class=\"vc_icon_element-icon typcn typcn-arrow-repeat\" style=\"color: #ea2a55;\"><\/i><\/span>\r\n\t\t<\/div>\r\n\t\t<div class=\"services-desc\" >\r\n\t\t\t<h4 class=\"services-title\" style=\"\"><a  style=\"color: #ffffff;\" > Reciclare <\/a><\/h4>\r\n\t\t\t<p  style=\"color: #bebebe\">Colectam \u0219i reciclam ambalajul PET, protejam mediul natural , reducind astfel impactul negativ asupra mediului inconjurator<\/p>\r\n\t\t<\/div>\r\n\t<\/div>\t\r\n<\/div>[\/vc_column_inner][vc_column_inner width=&#8221;1\/3&#8243;]<div class=\"rs-services-style3  services-center  vc_custom_1675902246774 \"  style=\"border-color: #7d7a7a\" >\r\n\t\t\t<div class=\"bg-img\" style=\"background-image: url(https:\/\/venlo.ro\/wp-content\/uploads\/2018\/12\/serv_2.jpg);\"><\/div>\r\n\t\r\n\t<div class=\"services-item\">\r\n\t\t<div class=\"services-icon\">\r\n\t\t\t<span style=\"\"><i class=\"vc_icon_element-icon typcn typcn-code-outline\" style=\"color: #ea2a55;\"><\/i><\/span>\r\n\t\t<\/div>\r\n\t\t<div class=\"services-desc\" >\r\n\t\t\t<h4 class=\"services-title\" style=\"\"><a  style=\"color: #ffffff;\" > IT&amp;C <\/a><\/h4>\r\n\t\t\t<p  style=\"color: #bebebe\">Consultan\u021b\u0103, administrare sta\u021bii de lucru, administrare servere \u0219i echipamente de re\u021bea, mentenan\u021ba solu\u021biilor software.<\/p>\r\n\t\t<\/div>\r\n\t<\/div>\t\r\n<\/div><div class=\"rs-services-style3  services-center  vc_custom_1675902380780 \"  style=\"border-color: #7d7a7a\" >\r\n\t\t\t<div class=\"bg-img\" style=\"background-image: url(https:\/\/venlo.ro\/wp-content\/uploads\/2018\/12\/serv_5.jpg);\"><\/div>\r\n\t\r\n\t<div class=\"services-item\">\r\n\t\t<div class=\"services-icon\">\r\n\t\t\t<span style=\"\"><i class=\"vc_icon_element-icon typcn typcn-arrow-maximise-outline\" style=\"color: #ea2a55;\"><\/i><\/span>\r\n\t\t<\/div>\r\n\t\t<div class=\"services-desc\" >\r\n\t\t\t<h4 class=\"services-title\" style=\"\"><a  style=\"color: #ffffff;\" > Consultanta <\/a><\/h4>\r\n\t\t\t<p  style=\"color: #bebebe\">principalele activitati specifice: management, reprezentanta comerciala, servicii informatice, servicii de design si imprimare 3D<\/p>\r\n\t\t<\/div>\r\n\t<\/div>\t\r\n<\/div>[\/vc_column_inner][vc_column_inner width=&#8221;1\/3&#8243;]<div class=\"rs-services-style3  services-center  vc_custom_1675902255340 \"  style=\"border-color: #7d7a7a\" >\r\n\t\t\t<div class=\"bg-img\" style=\"background-image: url(https:\/\/venlo.ro\/wp-content\/uploads\/2018\/12\/serv_3.jpg);\"><\/div>\r\n\t\r\n\t<div class=\"services-item\">\r\n\t\t<div class=\"services-icon\">\r\n\t\t\t<span style=\"\"><i class=\"vc_icon_element-icon typcn typcn-edit\" style=\"color: #ea2a55;\"><\/i><\/span>\r\n\t\t<\/div>\r\n\t\t<div class=\"services-desc\" >\r\n\t\t\t<h4 class=\"services-title\" style=\"\"><a  style=\"color: #ffffff;\" > Tipografie <\/a><\/h4>\r\n\t\t\t<p  style=\"color: #bebebe\">Tiparul offset si operatiile specifice de legatorie si finisaje , tiparul digital, tiparul serigrafic si cel flexografic.<\/p>\r\n\t\t<\/div>\r\n\t<\/div>\t\r\n<\/div><div class=\"rs-services-style3  services-center  vc_custom_1675902855878 \"  style=\"border-color: #7d7a7a\" >\r\n\t\t\t<div class=\"bg-img\" style=\"background-image: url(https:\/\/venlo.ro\/wp-content\/uploads\/2018\/12\/serv_6.jpg);\"><\/div>\r\n\t\r\n\t<div class=\"services-item\">\r\n\t\t<div class=\"services-icon\">\r\n\t\t\t<span style=\"\"><i class=\"vc_icon_element-icon typcn typcn-export-outline\" style=\"color: #ea2a55;\"><\/i><\/span>\r\n\t\t<\/div>\r\n\t\t<div class=\"services-desc\" >\r\n\t\t\t<h4 class=\"services-title\" style=\"\"><a  style=\"color: #ffffff;\" > Transport <\/a><\/h4>\r\n\t\t\t<p  style=\"color: #bebebe\">Colaboram cu un num\u0103r mare de parteneri acoperind orice destina\u021bie din Rom\u00e2nia, transport de orice natura gabaritica.<\/p>\r\n\t\t<\/div>\r\n\t<\/div>\t\r\n<\/div>[\/vc_column_inner][\/vc_row_inner][\/vc_column][\/vc_row][vc_row full_width=&#8221;stretch_row&#8221; content_placement=&#8221;middle&#8221; css=&#8221;.vc_custom_1676991926224{padding-top: 84px !important;padding-bottom: 91px !important;background-color: #212121 !important;background-position: center !important;background-repeat: no-repeat !important;background-size: cover !important;}&#8221; el_id=&#8221;contact&#8221;][vc_column css=&#8221;.vc_custom_1542195594170{padding-top: 0px !important;}&#8221;]\r\n\t\t\t        <div class=\"rs-cta \">\r\n\t\t\t\t\t\t<div class=\"cta-wrap style2 \">\r\n\t\t\t\t\t\t\t<div class=\"title-img\"><img src=\" \" alt=\"\" \/><\/div>\r\n\t\t\t\t\t\t\t<div class=\"title-wrap\">\r\n\t\t\t\t\t\t\t\t<h2 style=\"color: #ffffff; font-size: 30px; line-height: 1.2 \" class=\"exp-title\">Care este tipul t\u0103u de cerere?<\/h2>\r\n\t\t\t\t\t\t\t\t<p style=\"color: #ffffff; font-size: 20px; \" class=\"eta-subtitle\">Ai \u00eentreb\u0103ri? Ai nevoie de un sfat? Exper\u0163ii no\u015ftrii sunt aici pentru tine!<\/p>\r\n\t\t\t\t\t\t\t<\/div>\r\n\t\t\t\t\t\t\t<div class=\"button-wrap\">\r\n\t\t\t\t\t\t\t\t<a href=\"https:\/\/venlo.ro\/#formular-contact\" title=\"\" class=\"readon\" data-onhovercolor=\"#ea2a55\" data-onhoverbg=\"#ffffff\" data-onleavebg=\"#ea2a55\" data-onleavecolor=\"#ffffff\" data-bordercolor=\"\" style=\"color: #ffffff;background: #ea2a55; color: #ffffff;\">Contact<\/a>\r\n\t\t\t\t\t\t\t\t\r\n\t\t\t\t\t\t\t<\/div>\r\n\t\t\t\t\t\t<\/div>\r\n\t\t\t\t\t<\/div>[\/vc_column][\/vc_row][vc_row el_id=&#8221;rs-contact&#8221; css=&#8221;.vc_custom_1676991886988{padding-top: 94px !important;padding-bottom: 36px !important;}&#8221;][vc_column]\r\n        <div class=\"rs-heading   vc_custom_1675900869536  text-center\">\r\n        \t<div class=\"title-inner\">\r\n\t            \r\n\t            <h2 class=\"title\">Informatii de Contact<\/h2>\r\n\t            <div class=\"title-img\"><img src=\" \" alt=\"\"\/><\/div>\r\n\t        <\/div><div class=\"description\"><p >Suntem aici sa iti satisfacem orice nevoie are compania ta!<\/p><\/div><\/div>\r\n       <div class=\"rs-contact\">\r\n        <div class=\"contact-address   vc_custom_1680285082704 text-center style2\"><div class=\"address-item\">\r\n                <div class=\"address-icon\">\r\n                    <i class=\"icon icon-basic-smartphone\"><\/i>\r\n                <\/div>\r\n                <div class=\"address-text\">\r\n                    <h3 class=\"contact-title\">Telefon<\/h3>\r\n                    <a href= \"tel:+0799.57.55.66\">0799.57.55.66<\/a>\r\n                <\/div>\r\n            <\/div><div class=\"address-item\">\r\n                    <div class=\"address-icon\">\r\n                        <i class=\"icon icon-basic-mail-multiple\"><\/i>\r\n                    <\/div>\r\n                    <div class=\"address-text\">\r\n                        <h3 class=\"contact-title\">Email<\/h3>\r\n                        <a href= \"mailto:contact@venlo.ro\">contact@venlo.ro<\/a>                   \r\n                    <\/div>\r\n                <\/div><div class=\"address-item\">\r\n                    <div class=\"address-icon\">\r\n                        <i class=\"icon icon-basic-geolocalize-01\"><\/i>\r\n                    <\/div>\r\n                    <div class=\"address-text\">\r\n                        <h3 class=\"contact-title\">Adresa<\/h3>\r\n                        Dezdrobirii 3 \/ Tg-Mures\r\n                    <\/div>\r\n                <\/div><\/div><\/div>\r\n        <div class=\"rs-heading    \">\r\n        \t<div class=\"title-inner\">\r\n\t            \r\n\t            \r\n\t            <div class=\"title-img\"><img src=\" \" alt=\"\"\/><\/div>\r\n\t        <\/div><\/div>[\/vc_column][\/vc_row][vc_row full_width=&#8221;stretch_row&#8221; css=&#8221;.vc_custom_1676991952673{padding-top: 55px !important;padding-bottom: 100px !important;background: #f5f5f5 url(https:\/\/rstheme.com\/products\/wordpress\/finoptis\/creative\/wp-content\/uploads\/2018\/12\/contact2.jpg?id=3397) !important;background-position: center !important;background-repeat: no-repeat !important;background-size: cover !important;}&#8221; el_id=&#8221;formular-contact&#8221;][vc_column width=&#8221;1\/12&#8243;][\/vc_column][vc_column width=&#8221;5\/6&#8243;]\r\n        <div class=\"rs-heading   vc_custom_1680285110807  text-center\">\r\n        \t<div class=\"title-inner\">\r\n\t            \r\n\t            <h2 class=\"title\">Contact<\/h2>\r\n\t            <div class=\"title-img\"><img src=\" \" alt=\"\"\/><\/div>\r\n\t        <\/div><\/div>\n<div class=\"wpcf7 no-js\" id=\"wpcf7-f3788-o1\" lang=\"en\" dir=\"ltr\">\n<div class=\"screen-reader-response\"><p role=\"status\" aria-live=\"polite\" aria-atomic=\"true\"><\/p> <ul><\/ul><\/div>\n<form action=\"\/index.php\/wp-json\/wp\/v2\/pages\/1170#wpcf7-f3788-o1\" method=\"post\" class=\"wpcf7-form init\" aria-label=\"Contact form\" novalidate=\"novalidate\" data-status=\"init\">\n<div style=\"display: none;\">\n<input type=\"hidden\" name=\"_wpcf7\" value=\"3788\" \/>\n<input type=\"hidden\" name=\"_wpcf7_version\" value=\"5.7.7\" \/>\n<input type=\"hidden\" name=\"_wpcf7_locale\" value=\"en\" \/>\n<input type=\"hidden\" name=\"_wpcf7_unit_tag\" value=\"wpcf7-f3788-o1\" \/>\n<input type=\"hidden\" name=\"_wpcf7_container_post\" value=\"0\" \/>\n<input type=\"hidden\" name=\"_wpcf7_posted_data_hash\" value=\"\" \/>\n<\/div>\n<div class=\"form-group mb-3\">\n\t<p><span class=\"wpcf7-form-control-wrap\" data-name=\"yourname\"><input size=\"40\" class=\"wpcf7-form-control wpcf7-text wpcf7-validates-as-required form-control\" aria-required=\"true\" aria-invalid=\"false\" placeholder=\"Nume\" value=\"\" type=\"text\" name=\"yourname\" \/><\/span>\n\t<\/p>\n<\/div>\n<div class=\"form-group mb-3\">\n\t<p><span class=\"wpcf7-form-control-wrap\" data-name=\"your-email\"><input size=\"40\" class=\"wpcf7-form-control wpcf7-text wpcf7-email wpcf7-validates-as-required wpcf7-validates-as-email form-control\" aria-required=\"true\" aria-invalid=\"false\" placeholder=\"Email\" value=\"\" type=\"email\" name=\"your-email\" \/><\/span>\n\t<\/p>\n<\/div>\n<div class=\"form-group mb-3\">\n\t<p><span class=\"wpcf7-form-control-wrap\" data-name=\"tel-385\"><input size=\"40\" class=\"wpcf7-form-control wpcf7-text wpcf7-tel wpcf7-validates-as-required wpcf7-validates-as-tel form-control\" aria-required=\"true\" aria-invalid=\"false\" placeholder=\"Telefon\" value=\"\" type=\"tel\" name=\"tel-385\" \/><\/span>\n\t<\/p>\n<\/div>\n<div class=\"form-group mb-3\">\n\t<p><span class=\"wpcf7-form-control-wrap\" data-name=\"your-message\"><textarea cols=\"40\" rows=\"6\" maxlength=\"5000\" class=\"wpcf7-form-control wpcf7-textarea wpcf7-validates-as-required form-control\" aria-required=\"true\" aria-invalid=\"false\" placeholder=\"Mesaj \/ Detalii\" name=\"your-message\"><\/textarea><\/span>\n\t<\/p>\n<\/div>\n<div class=\"form-group text-center\">\n\t<p><input class=\"wpcf7-form-control has-spinner wpcf7-submit btn btn-gradient\" type=\"submit\" value=\"Trimite\" \/>\n\t<\/p>\n<\/div><div class=\"wpcf7-response-output\" aria-hidden=\"true\"><\/div>\n<\/form>\n<\/div>\n[\/vc_column][vc_column width=&#8221;1\/12&#8243;][\/vc_column][\/vc_row][vc_row full_width=&#8221;stretch_row_content_no_spaces&#8221; el_class=&#8221;google-map&#8221; css=&#8221;.vc_custom_1676991490520{margin-bottom: -150px !important;padding-top: 0px !important;padding-right: 0px !important;padding-bottom: 0px !important;padding-left: 0px !important;}&#8221; el_id=&#8221;google-map&#8221;][vc_column css=&#8221;.vc_custom_1543910139263{margin-top: 0px !important;padding-top: 0px !important;}&#8221;][vc_gmaps link=&#8221;#E-8_JTNDaWZyYW1lJTIwc3JjJTNEJTIyaHR0cHMlM0ElMkYlMkZ3d3cuZ29vZ2xlLmNvbSUyRm1hcHMlMkZlbWJlZCUzRnBiJTNEJTIxMW0xOCUyMTFtMTIlMjExbTMlMjExZDQzOTA3LjY2MzkwNTgwNDE4NCUyMTJkMjQuNTE3NTc4NTI2OTIyNjM3JTIxM2Q0Ni41NDMxNTY3NDI2MzkxMyUyMTJtMyUyMTFmMCUyMTJmMCUyMTNmMCUyMTNtMiUyMTFpMTAyNCUyMTJpNzY4JTIxNGYxMy4xJTIxM20zJTIxMW0yJTIxMXMweDQ3NGJiNjRhNTUzZTkxNzclMjUzQTB4YjE1NzNhODM5ODY5ZDkwZCUyMTJ6Vk1PaWNtZDFJRTExY21YSW1RJTIxNWUwJTIxM20yJTIxMXNybyUyMTJzcm8lMjE0djE2ODAyODQ4Njk4MDIlMjE1bTIlMjExc3JvJTIxMnNybyUyMiUyMHdpZHRoJTNEJTIyNjAwJTIyJTIwaGVpZ2h0JTNEJTIyNDUwJTIyJTIwc3R5bGUlM0QlMjJib3JkZXIlM0EwJTNCJTIyJTIwYWxsb3dmdWxsc2NyZWVuJTNEJTIyJTIyJTIwbG9hZGluZyUzRCUyMmxhenklMjIlMjByZWZlcnJlcnBvbGljeSUzRCUyMm5vLXJlZmVycmVyLXdoZW4tZG93bmdyYWRlJTIyJTNFJTNDJTJGaWZyYW1lJTNF&#8221; css=&#8221;.vc_custom_1680284880281{margin-top: 0px !important;padding-top: 0px !important;}&#8221;][\/vc_column][\/vc_row]<\/p>\n<\/section>","protected":false},"excerpt":{"rendered":"<p>[vc_row full_width=&#8221;stretch_row&#8221; css=&#8221;.vc_custom_1676991606679{margin-top: -168px !important;background-position: 0 0 !important;background-repeat: repeat !important;}&#8221; el_id=&#8221;despre-noi&#8221;][vc_column css=&#8221;.vc_custom_1542194054101{padding-top: 0px !important;}&#8221;][vc_row_inner equal_height=&#8221;yes&#8221; gap=&#8221;15&#8243;][vc_column_inner width=&#8221;1\/3&#8243; css=&#8221;.vc_custom_1543998681175{padding-top: 50px !important;padding-bottom: 23px !important;background-color:&#8230;<\/p>\n","protected":false},"author":1,"featured_media":0,"parent":0,"menu_order":0,"comment_status":"closed","ping_status":"closed","template":"","meta":[],"_links":{"self":[{"href":"https:\/\/venlo.ro\/index.php\/wp-json\/wp\/v2\/pages\/1170"}],"collection":[{"href":"https:\/\/venlo.ro\/index.php\/wp-json\/wp\/v2\/pages"}],"about":[{"href":"https:\/\/venlo.ro\/index.php\/wp-json\/wp\/v2\/types\/page"}],"author":[{"embeddable":true,"href":"https:\/\/venlo.ro\/index.php\/wp-json\/wp\/v2\/users\/1"}],"replies":[{"embeddable":true,"href":"https:\/\/venlo.ro\/index.php\/wp-json\/wp\/v2\/comments?post=1170"}],"version-history":[{"count":40,"href":"https:\/\/venlo.ro\/index.php\/wp-json\/wp\/v2\/pages\/1170\/revisions"}],"predecessor-version":[{"id":3827,"href":"https:\/\/venlo.ro\/index.php\/wp-json\/wp\/v2\/pages\/1170\/revisions\/3827"}],"wp:attachment":[{"href":"https:\/\/venlo.ro\/index.php\/wp-json\/wp\/v2\/media?parent=1170"}],"curies":[{"name":"wp","href":"https:\/\/api.w.org\/{rel}","templated":true}]}}